{"id":351,"date":"2024-08-08T18:55:55","date_gmt":"2024-08-08T18:55:55","guid":{"rendered":"https:\/\/industrial.cherygroup.ca\/?page_id=351"},"modified":"2024-11-01T17:51:14","modified_gmt":"2024-11-01T17:51:14","slug":"aboutus","status":"publish","type":"page","link":"https:\/\/industrial.cherygroup.ca\/fr\/aboutus\/","title":{"rendered":"\u00c0 propos de nous"},"content":{"rendered":"<div class=\"wp-block-columns is-layout-flex wp-container-core-columns-is-layout-ecaf835e wp-block-columns-is-layout-flex\" style=\"border-style:none;border-width:0px;margin-top:0;margin-bottom:0;padding-top:var(--wp--preset--spacing--60);padding-right:14%;padding-bottom:var(--wp--preset--spacing--60);padding-left:14%\">\n<div class=\"wp-block-column is-layout-flow wp-block-column-is-layout-flow\" style=\"flex-basis:33.32%\">\n<h3 class=\"wp-block-heading\">\u00c0 PROPOS DE CHERY INDUSTRIAL<\/h3>\n\n\n\n<p>Bienvenue chez Chery Industrial! Le premier distributeur de produits industriels de haute qualit\u00e9 en Am\u00e9rique du Nord. Avec un vaste inventaire de produits destin\u00e9s aux industries manufacturi\u00e8res, agricoles, de la construction et de l&#039;automobile, nous offrons une s\u00e9lection compl\u00e8te de solutions fiables et efficaces.<\/p>\n\n\n\n<p>Notre vaste gamme de produits comprend des hangars de stockage, des armoires \u00e0 outils, des cl\u00f4tures, des portails en fer, des toilettes portatives, des accessoires de chargeuse et des radiateurs diesel portables industriels, entre autres. Nous sommes fiers de fournir \u00e0 nos clients des produits de qualit\u00e9 sup\u00e9rieure et un service expert.<\/p>\n\n\n\n<p>Depuis 2006, nous avons acquis une solide r\u00e9putation en mati\u00e8re de fourniture de produits et de services exceptionnels aux entreprises d&#039;Am\u00e9rique du Nord. Chez Chery Industrial, nous nous engageons \u00e0 offrir \u00e0 nos clients une exp\u00e9rience d&#039;achat sup\u00e9rieure, notamment des prix comp\u00e9titifs, une exp\u00e9dition rapide et fiable et un service client exceptionnel.<\/p>\n\n\n\n<p>Nous comprenons l&#039;importance de r\u00e9pondre aux besoins uniques de nos clients et nous nous engageons \u00e0 fournir des solutions sur mesure qui aident les entreprises \u00e0 atteindre leurs objectifs. Si vous recherchez un partenaire fiable pour tous vos besoins en produits industriels, ne cherchez pas plus loin que Chery Industrial. Contactez-nous d\u00e8s aujourd&#039;hui pour en savoir plus sur la mani\u00e8re dont nous pouvons aider votre entreprise \u00e0 prosp\u00e9rer.<br><\/p>\n<\/div>\n\n\n\n<div class=\"wp-block-column is-layout-flow wp-block-column-is-layout-flow\" style=\"flex-basis:66.68%\">\n<figure class=\"wp-block-image size-large\"><img loading=\"lazy\" decoding=\"async\" width=\"1024\" height=\"499\" src=\"https:\/\/industrial.cherygroup.ca\/wp-content\/uploads\/2024\/08\/CHERY_INDUSTRIAL_CANADA_CORP-1024x499.png\" alt=\"\" class=\"wp-image-144\" srcset=\"https:\/\/industrial.cherygroup.ca\/wp-content\/uploads\/2024\/08\/CHERY_INDUSTRIAL_CANADA_CORP-1024x499.png 1024w, https:\/\/industrial.cherygroup.ca\/wp-content\/uploads\/2024\/08\/CHERY_INDUSTRIAL_CANADA_CORP-300x146.png 300w, https:\/\/industrial.cherygroup.ca\/wp-content\/uploads\/2024\/08\/CHERY_INDUSTRIAL_CANADA_CORP-768x374.png 768w, https:\/\/industrial.cherygroup.ca\/wp-content\/uploads\/2024\/08\/CHERY_INDUSTRIAL_CANADA_CORP-1536x749.png 1536w, https:\/\/industrial.cherygroup.ca\/wp-content\/uploads\/2024\/08\/CHERY_INDUSTRIAL_CANADA_CORP-2048x998.png 2048w\" sizes=\"auto, (max-width: 1024px) 100vw, 1024px\" \/><\/figure>\n\n\n\n<p>&#8211;<\/p>\n\n\n\n<h4 class=\"wp-block-heading\">125c Rue Huot, Montr\u00e9al, J7W 1M3<\/h4>\n\n\n<div id=\"wpgmza_map_1\" class=\"wpgmza_map wpgmza-auto-left\" style=\"display:block;width:100%;height:400px;overflow:hidden;position:relative;\" data-map-id=\"1\" data-maps-engine=\"open-layers\" data-build-engine=\"atlas-novus\" data-shortcode-attributes=\"{&quot;id&quot;:&quot;1&quot;,&quot;zoom&quot;:false,&quot;width&quot;:false,&quot;height&quot;:false,&quot;marker&quot;:false,&quot;classname&quot;:false}\" data-settings=\"{&quot;map_title&quot;:&quot;Our locate&quot;,&quot;map_width&quot;:&quot;100&quot;,&quot;map_height&quot;:&quot;400&quot;,&quot;map_start_lat&quot;:&quot;45.46215606965808&quot;,&quot;map_start_lng&quot;:&quot;-73.71416736529274&quot;,&quot;map_start_location&quot;:&quot;45.950464398418106,-109.81550500000003&quot;,&quot;map_start_zoom&quot;:&quot;10&quot;,&quot;default_marker&quot;:&quot;&quot;,&quot;type&quot;:&quot;0&quot;,&quot;alignment&quot;:&quot;4&quot;,&quot;directions_enabled&quot;:&quot;0&quot;,&quot;styling_enabled&quot;:&quot;0&quot;,&quot;styling_json&quot;:&quot;&quot;,&quot;active&quot;:&quot;0&quot;,&quot;kml&quot;:&quot;&quot;,&quot;bicycle&quot;:&quot;0&quot;,&quot;traffic&quot;:&quot;0&quot;,&quot;dbox&quot;:&quot;0&quot;,&quot;dbox_width&quot;:&quot;&quot;,&quot;listmarkers&quot;:&quot;0&quot;,&quot;listmarkers_advanced&quot;:&quot;0&quot;,&quot;filterbycat&quot;:&quot;0&quot;,&quot;ugm_enabled&quot;:&quot;0&quot;,&quot;ugm_category_enabled&quot;:&quot;0&quot;,&quot;fusion&quot;:&quot;&quot;,&quot;map_width_type&quot;:&quot;%&quot;,&quot;map_height_type&quot;:&quot;px&quot;,&quot;mass_marker_support&quot;:&quot;0&quot;,&quot;ugm_access&quot;:&quot;0&quot;,&quot;order_markers_by&quot;:&quot;0&quot;,&quot;order_markers_choice&quot;:&quot;0&quot;,&quot;show_user_location&quot;:&quot;0&quot;,&quot;default_to&quot;:&quot;&quot;,&quot;map_type&quot;:1,&quot;sl_stroke_color&quot;:&quot;&quot;,&quot;sl_fill_color&quot;:&quot;&quot;,&quot;sl_stroke_opacity&quot;:&quot;&quot;,&quot;sl_fill_opacity&quot;:&quot;&quot;,&quot;transport_layer&quot;:false,&quot;action&quot;:&quot;wpgmza_save_map&quot;,&quot;redirect_to&quot;:&quot;\\\/wp-admin\\\/admin-post.php&quot;,&quot;map_id&quot;:&quot;1&quot;,&quot;wpgmza_savemap&quot;:&quot;Save Map&quot;,&quot;http_referer&quot;:&quot;\\\/wp-admin\\\/admin.php?page=wp-google-maps-menu&amp;amp;action=edit&amp;amp;map_id=1&quot;,&quot;wpgmza_id&quot;:&quot;1&quot;,&quot;wpgmza_start_location&quot;:&quot;45.46215606965808,-73.71416736529274&quot;,&quot;wpgmza_start_zoom&quot;:&quot;10&quot;,&quot;wpgmza_map_align&quot;:&quot;1&quot;,&quot;store_locator_enabled&quot;:true,&quot;store_locator_distance&quot;:false,&quot;store_locator_search_area&quot;:&quot;radial&quot;,&quot;wpgmza_store_locator_default_radius&quot;:&quot;25&quot;,&quot;store_locator_auto_area_max_zoom&quot;:&quot;&quot;,&quot;wpgmza_store_locator_radius_style&quot;:&quot;legacy&quot;,&quot;store_locator_component_anchor&quot;:&quot;0&quot;,&quot;wpgmza_store_locator_bounce&quot;:false,&quot;wpgmza_sl_animation&quot;:null,&quot;store_locator_query_string&quot;:&quot;&quot;,&quot;store_locator_location_placeholder&quot;:&quot;&quot;,&quot;store_locator_default_address&quot;:&quot;&quot;,&quot;store_locator_name_search&quot;:false,&quot;store_locator_name_string&quot;:&quot;&quot;,&quot;store_locator_not_found_message&quot;:&quot;&quot;,&quot;store_locator_show_distance&quot;:false,&quot;store_locator_category&quot;:false,&quot;wpgmza_store_locator_use_their_location&quot;:false,&quot;wpgmza_store_locator_hide_before_search&quot;:false,&quot;store_locator_nearby_searches&quot;:false,&quot;wpgmza_ol_tile_filter&quot;:&quot;none&quot;,&quot;wpgmza_theme_data&quot;:&quot;&quot;,&quot;custom_tile_enabled&quot;:false,&quot;custom_tile_image&quot;:&quot;&quot;,&quot;custom_tile_image_width&quot;:&quot;&quot;,&quot;custom_tile_image_height&quot;:&quot;&quot;,&quot;custom_tile_image_attribution&quot;:&quot;&quot;,&quot;iw_primary_color&quot;:&quot;#000000&quot;,&quot;iw_accent_color&quot;:&quot;#000000&quot;,&quot;iw_text_color&quot;:&quot;#000000&quot;,&quot;close_infowindow_on_map_click&quot;:false,&quot;marker_share_links&quot;:false,&quot;wpgmza_listmarkers_by&quot;:&quot;0&quot;,&quot;marker_listing_component_anchor&quot;:null,&quot;marker_listing_component_auto_open&quot;:false,&quot;dataTable_pagination_style&quot;:null,&quot;category_filter_component_anchor&quot;:null,&quot;zoom_level_on_marker_listing_override&quot;:false,&quot;zoom_level_on_marker_listing_click&quot;:&quot;&quot;,&quot;marker_listing_disable_zoom&quot;:false,&quot;datatable_no_result_message&quot;:&quot;&quot;,&quot;remove_search_box_datables&quot;:false,&quot;datatable_search_string&quot;:&quot;&quot;,&quot;datatable_result_start&quot;:&quot;&quot;,&quot;datatable_result_of&quot;:&quot;&quot;,&quot;datatable_result_to&quot;:&quot;&quot;,&quot;datatable_result_total&quot;:&quot;&quot;,&quot;datatable_result_show&quot;:&quot;&quot;,&quot;datatable_result_entries&quot;:&quot;&quot;,&quot;category_legends_enabled&quot;:false,&quot;category_legends_component_anchor&quot;:null,&quot;jump_to_nearest_marker_on_initialization&quot;:false,&quot;click_open_link&quot;:false,&quot;wpgmza_zoom_on_marker_click&quot;:false,&quot;wpgmza_zoom_on_marker_click_slider&quot;:&quot;&quot;,&quot;enable_marker_labels&quot;:false,&quot;polygon_labels&quot;:false,&quot;disable_polygon_info_windows&quot;:false,&quot;fit_maps_bounds_to_markers&quot;:false,&quot;fit_maps_bounds_to_markers_after_filtering&quot;:false,&quot;automatically_pan_to_users_location&quot;:false,&quot;override_users_location_zoom_level&quot;:false,&quot;override_users_location_zoom_levels&quot;:&quot;&quot;,&quot;show_distance_from_location&quot;:false,&quot;map_starts_in_streetview&quot;:false,&quot;map_starts_in_streetview_location&quot;:&quot;&quot;,&quot;map_starts_in_streetview_heading&quot;:&quot;&quot;,&quot;map_starts_in_streetview_pitch&quot;:&quot;&quot;,&quot;map_max_zoom&quot;:&quot;21&quot;,&quot;map_min_zoom&quot;:&quot;0&quot;,&quot;zoom_level_mobile_override_enabled&quot;:false,&quot;zoom_level_mobile_override&quot;:&quot;&quot;,&quot;hide_point_of_interest&quot;:false,&quot;disable_lightbox_images&quot;:false,&quot;use_Raw_Jpeg_Coordinates&quot;:false,&quot;enable_marker_ratings&quot;:false,&quot;only_load_markers_within_viewport&quot;:false,&quot;id&quot;:1}\" >\n<div class='wpgmza-inner-stack top'><div class=\"wpgmza-store-locator\" data-id=\"1\">\r\n\t<div class=\"wpgmza-address-container\">\r\n\t\t<label class=\"wpgmza-address\" data-name=\"addressLabel\">Code postal \/ Adresse :<\/label>\r\n\t\t<input class=\"wpgmza-address\" type=\"text\" placeholder=\"Entrez un lieu\" autocomplete=\"off\" data-name=\"defaultAddress\" value=\"\">\r\n\t<\/div>\r\n\t\r\n\t<div class=\"wpgmza-radius-container\">\r\n\t\t<label class=\"wpgmza-radius\">\r\n\t\t\tRayon:\t\t<\/label>\r\n\t\t<select class=\"wpgmza-radius\"><option class=\"wpgmza-radius wpgmza_sl_select_option\" value=\"1\">1km<\/option><option class=\"wpgmza-radius wpgmza_sl_select_option\" value=\"5\">5km<\/option><option class=\"wpgmza-radius wpgmza_sl_select_option\" value=\"10\" selected>10km<\/option><option class=\"wpgmza-radius wpgmza_sl_select_option\" value=\"25\">25km<\/option><option class=\"wpgmza-radius wpgmza_sl_select_option\" value=\"50\">50 km<\/option><option class=\"wpgmza-radius wpgmza_sl_select_option\" value=\"75\">75 km<\/option><option class=\"wpgmza-radius wpgmza_sl_select_option\" value=\"100\">100 km<\/option><option class=\"wpgmza-radius wpgmza_sl_select_option\" value=\"150\">150 km<\/option><option class=\"wpgmza-radius wpgmza_sl_select_option\" value=\"200\">200 km<\/option><option class=\"wpgmza-radius wpgmza_sl_select_option\" value=\"300\">300 km<\/option><\/select>\r\n\t<\/div>\r\n\r\n\t<svg width=\"40\" height=\"40\" viewbox=\"0 0 59 59\" fill=\"none\" xmlns=\"http:\/\/www.w3.org\/2000\/svg\" class=\"wpgmza-search wpgmza-aria-bridge\" title=\"Recherche\" aria-label=\"Recherche\" role=\"button\" tabindex=\"0\">\r\n\t\t<line x1=\"40.5183\" y1=\"40.5685\" x2=\"53.5685\" y2=\"53.6188\" stroke-width=\"7\" stroke-linecap=\"round\"><\/line>\r\n\t\t<circle cx=\"24.5\" cy=\"24.5\" r=\"21\" stroke-width=\"7\"><\/circle>\r\n\t<\/svg>\r\n\r\n\t<svg width=\"40\" height=\"40\" viewbox=\"0 0 60 60\" fill=\"none\" xmlns=\"http:\/\/www.w3.org\/2000\/svg\" class=\"wpgmza-loading\" role=\"status\">\r\n\t\t<mask id=\"path-1-inside-1\">\r\n\t\t\t<path d=\"M60 30C60 24.1471 58.2879 18.422 55.0747 13.53C51.8614 8.63797 47.2873 4.79275 41.9159 2.46799C36.5445 0.143228 30.6103 -0.55952 24.8445 0.446314C19.0786 1.45215 13.7329 4.12263 9.46589 8.12878L13.8401 12.7879C17.1982 9.6351 21.4051 7.53349 25.9427 6.74192C30.4803 5.95035 35.1503 6.5034 39.3775 8.33293C43.6047 10.1625 47.2044 13.1886 49.7332 17.0385C52.2619 20.8884 53.6093 25.3939 53.6093 30H60Z\"><\/path>\r\n\t\t<\/mask>\r\n\t\t<path d=\"M60 30C60 24.1471 58.2879 18.422 55.0747 13.53C51.8614 8.63797 47.2873 4.79275 41.9159 2.46799C36.5445 0.143228 30.6103 -0.55952 24.8445 0.446314C19.0786 1.45215 13.7329 4.12263 9.46589 8.12878L13.8401 12.7879C17.1982 9.6351 21.4051 7.53349 25.9427 6.74192C30.4803 5.95035 35.1503 6.5034 39.3775 8.33293C43.6047 10.1625 47.2044 13.1886 49.7332 17.0385C52.2619 20.8884 53.6093 25.3939 53.6093 30H60Z\" stroke-width=\"14\" stroke-linecap=\"round\" stroke-linejoin=\"round\" mask=\"url(#path-1-inside-1)\"><\/path>\r\n\t<\/svg>\r\n\r\n\r\n\t<svg width=\"40\" height=\"40\" viewbox=\"0 0 62 62\" fill=\"none\" xmlns=\"http:\/\/www.w3.org\/2000\/svg\" class=\"wpgmza-reset wpgmza-aria-bridge\" title=\"Reset\" aria-label=\"Reset\" role=\"button\" tabindex=\"0\">\r\n\t\t<line x1=\"4.94975\" y1=\"5\" x2=\"56.5685\" y2=\"56.6188\" stroke-width=\"7\" stroke-linecap=\"round\"><\/line>\r\n\t\t<line x1=\"5\" y1=\"56.6188\" x2=\"56.6188\" y2=\"5\" stroke-width=\"7\" stroke-linecap=\"round\"><\/line>\r\n\t<\/svg>\r\n\r\n\r\n\t\r\n\t<div class=\"wpgmza-error\"><\/div>\r\n<\/div><\/div><\/div><\/div>\n<\/div>","protected":false},"excerpt":{"rendered":"<p>ABOUT CHERY INDUSTRIAL Welcome to Chery Industrial! the premier distributor of high-quality industrial products in North America. With a vast inventory of products that serve the manufacturing, agriculture, construction, and automotive industries, we offer a comprehensive selection of reliable and efficient solutions. Our extensive range of products includes storage sheds, tool cabinets, fences, iron gates, [&hellip;]<\/p>\n","protected":false},"author":1,"featured_media":0,"parent":0,"menu_order":0,"comment_status":"closed","ping_status":"closed","template":"","meta":{"footnotes":""},"class_list":["post-351","page","type-page","status-publish","hentry"],"_links":{"self":[{"href":"https:\/\/industrial.cherygroup.ca\/fr\/wp-json\/wp\/v2\/pages\/351","targetHints":{"allow":["GET"]}}],"collection":[{"href":"https:\/\/industrial.cherygroup.ca\/fr\/wp-json\/wp\/v2\/pages"}],"about":[{"href":"https:\/\/industrial.cherygroup.ca\/fr\/wp-json\/wp\/v2\/types\/page"}],"author":[{"embeddable":true,"href":"https:\/\/industrial.cherygroup.ca\/fr\/wp-json\/wp\/v2\/users\/1"}],"replies":[{"embeddable":true,"href":"https:\/\/industrial.cherygroup.ca\/fr\/wp-json\/wp\/v2\/comments?post=351"}],"version-history":[{"count":10,"href":"https:\/\/industrial.cherygroup.ca\/fr\/wp-json\/wp\/v2\/pages\/351\/revisions"}],"predecessor-version":[{"id":4986,"href":"https:\/\/industrial.cherygroup.ca\/fr\/wp-json\/wp\/v2\/pages\/351\/revisions\/4986"}],"wp:attachment":[{"href":"https:\/\/industrial.cherygroup.ca\/fr\/wp-json\/wp\/v2\/media?parent=351"}],"curies":[{"name":"wp","href":"https:\/\/api.w.org\/{rel}","templated":true}]}}