{"id":4458,"date":"2024-10-21T12:35:04","date_gmt":"2024-10-21T12:35:04","guid":{"rendered":"https:\/\/industrial.cherygroup.ca\/?page_id=4458"},"modified":"2024-10-30T19:48:43","modified_gmt":"2024-10-30T19:48:43","slug":"part","status":"publish","type":"page","link":"https:\/\/industrial.cherygroup.ca\/fr\/part\/","title":{"rendered":"Pi\u00e8ces"},"content":{"rendered":"<div class=\"wp-block-group alignfull is-layout-flow wp-block-group-is-layout-flow\" style=\"min-height:700px\">\n<div class=\"wp-block-group alignfull has-section-bg-background-color has-background has-global-padding is-layout-constrained wp-container-core-group-is-layout-5f0edaaf wp-block-group-is-layout-constrained\" style=\"padding-top:0vw;padding-right:6vw;padding-bottom:6vw;padding-left:6vw\">\n<h2 class=\"wp-block-heading has-text-align-center has-heading-color has-section-bg-background-color has-text-color has-background has-link-color wp-elements-5ed5eb8bf433dbac7db458946d450447\">Pi\u00e8ces d&#039;abri<\/h2>\n\n\n\n<div class=\"wp-block-group alignwide is-vertical is-nowrap is-layout-flex wp-container-core-group-is-layout-7946b6b8 wp-block-group-is-layout-flex\" style=\"padding-top:0;padding-right:0;padding-bottom:0;padding-left:0\">\n<div class=\"wp-block-columns alignwide is-layout-flex wp-container-core-columns-is-layout-21b20327 wp-block-columns-is-layout-flex\">\n<div class=\"wp-block-column is-layout-flow wp-block-column-is-layout-flow\" style=\"flex-basis:33.38%\">\n<p class=\"has-small-font-size\" style=\"line-height:1.6\"><strong>Les panneaux avant et arri\u00e8re<\/strong>sont dot\u00e9s d'une porte enroulable, offrent une flexibilit\u00e9 et un acc\u00e8s am\u00e9lior\u00e9 pour divers abris de stockage. Fabriqu\u00e9s avec un mat\u00e9riau PE 300 g durable, ces panneaux sont sp\u00e9cialement con\u00e7us pour les abris Dome de 30 pieds, compatibles avec des mod\u00e8les tels que les Dome 30x40x15, 30x65x15 et 30x85x15. Les panneaux offrent une fonction d'enroulement facile \u00e0 utiliser, ce qui simplifie l'acc\u00e8s ou la fermeture de votre abri selon les besoins. Id\u00e9aux pour une utilisation \u00e0 l'avant et \u00e0 l'arri\u00e8re, ces panneaux offrent des options de couverture et de ventilation efficaces et personnalisables pour maximiser la fonctionnalit\u00e9 de la configuration de stockage.<\/p>\n\n\n\n<div class=\"wp-block-buttons is-content-justification-left is-layout-flex wp-container-core-buttons-is-layout-fc4fd283 wp-block-buttons-is-layout-flex\">\n<div class=\"wp-block-button\"><a class=\"wp-block-button__link has-vivid-red-background-color has-background has-text-align-center wp-element-button\" href=\"https:\/\/mart.cherygroup.ca\/collections\/parts-accessories\">Achetez maintenant<\/a><\/div>\n<\/div>\n<\/div>\n\n\n\n<div class=\"wp-block-column is-layout-flow wp-block-column-is-layout-flow\" style=\"flex-basis:33%\">\n<figure class=\"wp-block-image size-full\"><img loading=\"lazy\" decoding=\"async\" width=\"411\" height=\"316\" src=\"https:\/\/industrial.cherygroup.ca\/wp-content\/uploads\/2024\/10\/NY_203012R_S____08i_0.35__2____-removebg-preview_1.png\" alt=\"\" class=\"wp-image-4775\" srcset=\"https:\/\/industrial.cherygroup.ca\/wp-content\/uploads\/2024\/10\/NY_203012R_S____08i_0.35__2____-removebg-preview_1.png 411w, https:\/\/industrial.cherygroup.ca\/wp-content\/uploads\/2024\/10\/NY_203012R_S____08i_0.35__2____-removebg-preview_1-300x231.png 300w\" sizes=\"auto, (max-width: 411px) 100vw, 411px\" \/><\/figure>\n\n\n\n<p><strong>Panneau avant\/arri\u00e8re avec porte enroulable pour abri de rangement<\/strong><\/p>\n<\/div>\n\n\n\n<div class=\"wp-block-column is-layout-flow wp-block-column-is-layout-flow\" style=\"flex-basis:33.62%\">\n<div style=\"height:2vw\" aria-hidden=\"true\" class=\"wp-block-spacer\"><\/div>\n\n\n\n<figure class=\"wp-block-image size-full\"><img loading=\"lazy\" decoding=\"async\" width=\"780\" height=\"320\" src=\"https:\/\/industrial.cherygroup.ca\/wp-content\/uploads\/2024\/10\/H283de39900ed42b8a22ff5ac509267fdk__-removebg-preview_f0d35a95-2f0c-4f93-a6b2-679bdf8b07e1.png\" alt=\"\" class=\"wp-image-4776\" srcset=\"https:\/\/industrial.cherygroup.ca\/wp-content\/uploads\/2024\/10\/H283de39900ed42b8a22ff5ac509267fdk__-removebg-preview_f0d35a95-2f0c-4f93-a6b2-679bdf8b07e1.png 780w, https:\/\/industrial.cherygroup.ca\/wp-content\/uploads\/2024\/10\/H283de39900ed42b8a22ff5ac509267fdk__-removebg-preview_f0d35a95-2f0c-4f93-a6b2-679bdf8b07e1-300x123.png 300w, https:\/\/industrial.cherygroup.ca\/wp-content\/uploads\/2024\/10\/H283de39900ed42b8a22ff5ac509267fdk__-removebg-preview_f0d35a95-2f0c-4f93-a6b2-679bdf8b07e1-768x315.png 768w, https:\/\/industrial.cherygroup.ca\/wp-content\/uploads\/2024\/10\/H283de39900ed42b8a22ff5ac509267fdk__-removebg-preview_f0d35a95-2f0c-4f93-a6b2-679bdf8b07e1-600x246.png 600w\" sizes=\"auto, (max-width: 780px) 100vw, 780px\" \/><\/figure>\n\n\n\n<p><strong>Couverture pour abris conteneurs<\/strong><\/p>\n<\/div>\n<\/div>\n\n\n\n<div class=\"wp-block-columns alignwide is-layout-flex wp-container-core-columns-is-layout-c24efe4f wp-block-columns-is-layout-flex\">\n<div class=\"wp-block-column is-layout-flow wp-block-column-is-layout-flow\" style=\"flex-basis:40%\">\n<figure class=\"wp-block-image size-full\"><img loading=\"lazy\" decoding=\"async\" width=\"667\" height=\"332\" src=\"https:\/\/industrial.cherygroup.ca\/wp-content\/uploads\/2024\/10\/NY_203012R_S____08i_0.35__2____-removebg-preview-1.png\" alt=\"\" class=\"wp-image-4777\" srcset=\"https:\/\/industrial.cherygroup.ca\/wp-content\/uploads\/2024\/10\/NY_203012R_S____08i_0.35__2____-removebg-preview-1.png 667w, https:\/\/industrial.cherygroup.ca\/wp-content\/uploads\/2024\/10\/NY_203012R_S____08i_0.35__2____-removebg-preview-1-300x149.png 300w, https:\/\/industrial.cherygroup.ca\/wp-content\/uploads\/2024\/10\/NY_203012R_S____08i_0.35__2____-removebg-preview-1-600x299.png 600w\" sizes=\"auto, (max-width: 667px) 100vw, 667px\" \/><\/figure>\n<\/div>\n\n\n\n<div class=\"wp-block-column is-vertically-aligned-center is-layout-flow wp-block-column-is-layout-flow\" style=\"flex-basis:60%\">\n<p class=\"has-small-font-size\" style=\"line-height:1.6\">Nos housses de remplacement offrent un moyen abordable et durable de maintenir une protection continue de vos biens. Fabriqu\u00e9es \u00e0 partir de mat\u00e9riaux robustes et r\u00e9sistants aux intemp\u00e9ries, ces housses sont con\u00e7ues pour r\u00e9sister aux conditions environnementales difficiles tout en offrant une protection contre les UV et une r\u00e9sistance \u00e0 l&#039;eau. Faciles \u00e0 installer et con\u00e7ues pour s&#039;adapter parfaitement aux cadres d&#039;abris de stockage standard, ces housses de remplacement garantissent que votre abri reste une solution solide et fiable pour prot\u00e9ger votre \u00e9quipement et votre inventaire de valeur.<\/p>\n\n\n\n<div class=\"wp-block-buttons is-content-justification-left is-layout-flex wp-container-core-buttons-is-layout-fc4fd283 wp-block-buttons-is-layout-flex\">\n<div class=\"wp-block-button\"><a class=\"wp-block-button__link has-vivid-red-background-color has-background has-text-align-center wp-element-button\" href=\"https:\/\/mart.cherygroup.ca\/collections\/parts-accessories\">Achetez maintenant<\/a><\/div>\n<\/div>\n<\/div>\n<\/div>\n<\/div>\n<\/div>\n\n\n\n<div class=\"wp-block-group alignfull has-base-color has-body-text-background-color has-text-color has-background has-link-color wp-elements-a20fdc23c97cff54dbfffba05e23b4a1 has-global-padding is-layout-constrained wp-container-core-group-is-layout-17d25022 wp-block-group-is-layout-constrained\" style=\"margin-top:var(--wp--preset--spacing--50);margin-bottom:var(--wp--preset--spacing--50)\">\n<div class=\"wp-block-media-text has-media-on-the-right is-stacked-on-mobile is-vertically-aligned-center is-image-fill has-base-color has-text-color has-link-color wp-elements-6b021fa9be7f861441ae3be9083bf828\" style=\"padding-top:var(--wp--preset--spacing--60);padding-bottom:var(--wp--preset--spacing--60);grid-template-columns:auto 40%\"><div class=\"wp-block-media-text__content\">\n<h2 class=\"wp-block-heading has-base-color has-text-color has-link-color wp-elements-f3c3d9fc715cebe65a031ae23dff9d04\">Pi\u00e8ces de conteneur<\/h2>\n\n\n\n<p><strong>Rampe pour conteneurs robuste<\/strong><br>La rampe pour conteneurs robuste est un atout essentiel pour tout environnement d&#039;entrep\u00f4t o\u00f9 les produits sont fr\u00e9quemment charg\u00e9s et d\u00e9charg\u00e9s \u00e0 partir de conteneurs au niveau du sol. Construite en acier durable et capable de supporter jusqu&#039;\u00e0 6 613 lb, cette rampe assure un pont s\u00fbr et efficace entre les conteneurs et les quais de chargement. \u00c9quip\u00e9e de poches pratiques pour chariot \u00e9l\u00e9vateur, elle est facile \u00e0 man\u0153uvrer et suffisamment polyvalente pour les chariots \u00e9l\u00e9vateurs et les diables. Compatible avec les conteneurs standard et \u00e0 grand volume, la rampe offre un passage fluide et fiable pour que les chariots \u00e9l\u00e9vateurs puissent transporter la cargaison \u00e0 l&#039;int\u00e9rieur et \u00e0 l&#039;ext\u00e9rieur en toute transparence. Optimisez vos processus de chargement et de d\u00e9chargement avec la rampe pour conteneurs robuste, con\u00e7ue pour la facilit\u00e9 et la s\u00e9curit\u00e9 \u00e0 chaque transfert.<\/p>\n\n\n\n<div class=\"wp-block-buttons is-layout-flex wp-block-buttons-is-layout-flex\">\n<div class=\"wp-block-button\"><a class=\"wp-block-button__link has-vivid-red-background-color has-background wp-element-button\" href=\"https:\/\/mart.cherygroup.ca\/collections\/contanier-parts\/\">Achetez maintenant<\/a><\/div>\n<\/div>\n<\/div><figure class=\"wp-block-media-text__media\" style=\"background-image:url(https:\/\/industrial.cherygroup.ca\/wp-content\/uploads\/2024\/10\/Untitled_800_x_600_px_13620878-5287-4f55-a066-10e894ee9470-1.png);background-position:47% 90%\"><img loading=\"lazy\" decoding=\"async\" width=\"800\" height=\"600\" src=\"https:\/\/industrial.cherygroup.ca\/wp-content\/uploads\/2024\/10\/Untitled_800_x_600_px_13620878-5287-4f55-a066-10e894ee9470-1.png\" alt=\"\" class=\"wp-image-4772 size-full\" srcset=\"https:\/\/industrial.cherygroup.ca\/wp-content\/uploads\/2024\/10\/Untitled_800_x_600_px_13620878-5287-4f55-a066-10e894ee9470-1.png 800w, https:\/\/industrial.cherygroup.ca\/wp-content\/uploads\/2024\/10\/Untitled_800_x_600_px_13620878-5287-4f55-a066-10e894ee9470-1-300x225.png 300w, https:\/\/industrial.cherygroup.ca\/wp-content\/uploads\/2024\/10\/Untitled_800_x_600_px_13620878-5287-4f55-a066-10e894ee9470-1-768x576.png 768w, https:\/\/industrial.cherygroup.ca\/wp-content\/uploads\/2024\/10\/Untitled_800_x_600_px_13620878-5287-4f55-a066-10e894ee9470-1-600x450.png 600w\" sizes=\"auto, (max-width: 800px) 100vw, 800px\" \/><\/figure><\/div>\n<\/div>\n\n\n\n<div class=\"wp-block-group has-global-padding is-layout-constrained wp-container-core-group-is-layout-0638ea1d wp-block-group-is-layout-constrained\" style=\"padding-top:var(--wp--preset--spacing--60);padding-bottom:var(--wp--preset--spacing--60)\">\n<div class=\"wp-block-media-text is-stacked-on-mobile is-vertically-aligned-center is-image-fill has-heading-color has-text-color has-link-color wp-elements-800ee899111e0edd8c3a66f4a27b1d44\" style=\"padding-top:var(--wp--preset--spacing--50);padding-bottom:var(--wp--preset--spacing--50);grid-template-columns:26% auto\"><figure class=\"wp-block-media-text__media\" style=\"background-image:url(https:\/\/industrial.cherygroup.ca\/wp-content\/uploads\/2024\/10\/IMG_6719-removebg-preview_500x_84ed45a0-42be-439a-902a-6b7c7e7e3224.png);background-position:50% 50%\"><img loading=\"lazy\" decoding=\"async\" width=\"500\" height=\"375\" src=\"https:\/\/industrial.cherygroup.ca\/wp-content\/uploads\/2024\/10\/IMG_6719-removebg-preview_500x_84ed45a0-42be-439a-902a-6b7c7e7e3224.png\" alt=\"\" class=\"wp-image-4781 size-full\" srcset=\"https:\/\/industrial.cherygroup.ca\/wp-content\/uploads\/2024\/10\/IMG_6719-removebg-preview_500x_84ed45a0-42be-439a-902a-6b7c7e7e3224.png 500w, https:\/\/industrial.cherygroup.ca\/wp-content\/uploads\/2024\/10\/IMG_6719-removebg-preview_500x_84ed45a0-42be-439a-902a-6b7c7e7e3224-300x225.png 300w\" sizes=\"auto, (max-width: 500px) 100vw, 500px\" \/><\/figure><div class=\"wp-block-media-text__content\">\n<h2 class=\"wp-block-heading has-text-align-center has-heading-color has-text-color has-link-color wp-elements-368d04a38df488c044cd7d6c112b3d98\">Pi\u00e8ces d\u00e9tach\u00e9es pour unit\u00e9s mobiles<\/h2>\n\n\n\n<p class=\"has-text-align-center\">Ces produits, notamment le ventilateur Bastone, sont con\u00e7us pour am\u00e9liorer la commodit\u00e9 et la qualit\u00e9 des unit\u00e9s mobiles telles que les toilettes et les maisons portables. Si vous souhaitez acheter ces pi\u00e8ces, veuillez nous contacter.<\/p>\n\n\n\n<div class=\"wp-block-buttons is-content-justification-center is-layout-flex wp-container-core-buttons-is-layout-a89b3969 wp-block-buttons-is-layout-flex\"><\/div>\n<\/div><\/div>\n<\/div>\n<\/div>","protected":false},"excerpt":{"rendered":"<p>Shelter Parts Front and Rear Panels, featuring a roll-up door, offer flexibility and enhanced access for various storage shelters. Constructed with durable 300g PE material, these panels are specifically designed for 30&#8242; Dome shelters, compatible with models like the 30x40x15, 30x65x15, and 30x85x15 Dome. The panels provide an easy-to-use roll-up function, making it simpler to [&hellip;]<\/p>\n","protected":false},"author":1,"featured_media":0,"parent":0,"menu_order":0,"comment_status":"closed","ping_status":"closed","template":"","meta":{"footnotes":""},"class_list":["post-4458","page","type-page","status-publish","hentry"],"_links":{"self":[{"href":"https:\/\/industrial.cherygroup.ca\/fr\/wp-json\/wp\/v2\/pages\/4458","targetHints":{"allow":["GET"]}}],"collection":[{"href":"https:\/\/industrial.cherygroup.ca\/fr\/wp-json\/wp\/v2\/pages"}],"about":[{"href":"https:\/\/industrial.cherygroup.ca\/fr\/wp-json\/wp\/v2\/types\/page"}],"author":[{"embeddable":true,"href":"https:\/\/industrial.cherygroup.ca\/fr\/wp-json\/wp\/v2\/users\/1"}],"replies":[{"embeddable":true,"href":"https:\/\/industrial.cherygroup.ca\/fr\/wp-json\/wp\/v2\/comments?post=4458"}],"version-history":[{"count":18,"href":"https:\/\/industrial.cherygroup.ca\/fr\/wp-json\/wp\/v2\/pages\/4458\/revisions"}],"predecessor-version":[{"id":4861,"href":"https:\/\/industrial.cherygroup.ca\/fr\/wp-json\/wp\/v2\/pages\/4458\/revisions\/4861"}],"wp:attachment":[{"href":"https:\/\/industrial.cherygroup.ca\/fr\/wp-json\/wp\/v2\/media?parent=4458"}],"curies":[{"name":"wp","href":"https:\/\/api.w.org\/{rel}","templated":true}]}}