{"id":4742,"date":"2024-10-30T14:07:34","date_gmt":"2024-10-30T14:07:34","guid":{"rendered":"https:\/\/industrial.cherygroup.ca\/?page_id=4742"},"modified":"2024-10-30T19:51:25","modified_gmt":"2024-10-30T19:51:25","slug":"service","status":"publish","type":"page","link":"https:\/\/industrial.cherygroup.ca\/fr\/service\/","title":{"rendered":"Service"},"content":{"rendered":"<div class=\"wp-block-group alignfull is-layout-flow wp-block-group-is-layout-flow\" style=\"min-height:700px\">\n<div class=\"wp-block-columns alignfull has-section-bg-background-color has-background is-layout-flex wp-container-core-columns-is-layout-28f84493 wp-block-columns-is-layout-flex\">\n<div class=\"wp-block-column is-layout-flow wp-block-column-is-layout-flow\" style=\"flex-basis:50%\">\n<div class=\"wp-block-cover is-light\" style=\"min-height:200px;aspect-ratio:unset;\"><span aria-hidden=\"true\" class=\"wp-block-cover__background has-background-dim-0 has-background-dim\" style=\"background-color:#f6f6f6\"><\/span><div class=\"wp-block-cover__inner-container is-layout-flow wp-block-cover-is-layout-flow\">\n<figure class=\"wp-block-image aligncenter size-full is-resized unit-content-image\"><img loading=\"lazy\" decoding=\"async\" width=\"800\" height=\"600\" src=\"https:\/\/industrial.cherygroup.ca\/wp-content\/uploads\/2024\/10\/Untitled_800_x_600_px_1_93d00a1d-670f-4a2c-a824-85f040c1e9cc.png\" alt=\"\" class=\"wp-image-4763\" style=\"width:600px\" srcset=\"https:\/\/industrial.cherygroup.ca\/wp-content\/uploads\/2024\/10\/Untitled_800_x_600_px_1_93d00a1d-670f-4a2c-a824-85f040c1e9cc.png 800w, https:\/\/industrial.cherygroup.ca\/wp-content\/uploads\/2024\/10\/Untitled_800_x_600_px_1_93d00a1d-670f-4a2c-a824-85f040c1e9cc-300x225.png 300w, https:\/\/industrial.cherygroup.ca\/wp-content\/uploads\/2024\/10\/Untitled_800_x_600_px_1_93d00a1d-670f-4a2c-a824-85f040c1e9cc-768x576.png 768w, https:\/\/industrial.cherygroup.ca\/wp-content\/uploads\/2024\/10\/Untitled_800_x_600_px_1_93d00a1d-670f-4a2c-a824-85f040c1e9cc-600x450.png 600w\" sizes=\"auto, (max-width: 800px) 100vw, 800px\" \/><\/figure>\n<\/div><\/div>\n<\/div>\n\n\n\n<div class=\"wp-block-column is-vertically-aligned-center is-layout-flow wp-block-column-is-layout-flow\" style=\"padding-top:1em;padding-right:1em;padding-bottom:1em;padding-left:1em\">\n<div class=\"wp-block-columns is-layout-flex wp-container-core-columns-is-layout-28f84493 wp-block-columns-is-layout-flex\">\n<div class=\"wp-block-column is-layout-flow wp-block-column-is-layout-flow\" style=\"flex-basis:100%\">\n<h2 class=\"wp-block-heading\">Aide \u00e0 la demande de permis d&#039;h\u00e9bergement<\/h2>\n\n\n\n<p class=\"has-small-font-size\" style=\"line-height:1.6\">De nombreuses municipalit\u00e9s exigent des permis pour l&#039;installation d&#039;abris, et le processus d&#039;obtention d&#039;un permis peut s&#039;av\u00e9rer complexe. Nous proposons un service professionnel d&#039;assistance \u00e0 la demande de permis, vous guidant \u00e0 chaque \u00e9tape pour la rendre aussi simple que possible. Notre \u00e9quipe vous aidera \u00e0 rassembler les documents n\u00e9cessaires, \u00e0 remplir les formulaires avec pr\u00e9cision et \u00e0 g\u00e9rer les soumissions aux autorit\u00e9s locales. Gr\u00e2ce \u00e0 notre service, vous b\u00e9n\u00e9ficierez de notre exp\u00e9rience des processus r\u00e9glementaires, ce qui acc\u00e9l\u00e9rera le processus de demande et r\u00e9duira les risques de retard.<\/p>\n\n\n\n<div class=\"wp-block-buttons is-layout-flex wp-block-buttons-is-layout-flex\">\n<div class=\"wp-block-button\"><a class=\"wp-block-button__link has-vivid-red-background-color has-background wp-element-button\" href=\"https:\/\/industrial.cherygroup.ca\/fr\/contact\/\">Service de permis<\/a><\/div>\n<\/div>\n<\/div>\n<\/div>\n<\/div>\n<\/div>\n\n\n\n<div class=\"wp-block-group alignfull has-base-color has-body-text-background-color has-text-color has-background has-link-color wp-elements-5a050adb67cbb3b9a257a8a8e530342a has-global-padding is-layout-constrained wp-container-core-group-is-layout-17d25022 wp-block-group-is-layout-constrained\" style=\"margin-top:var(--wp--preset--spacing--50);margin-bottom:var(--wp--preset--spacing--50)\">\n<div class=\"wp-block-media-text has-media-on-the-right is-stacked-on-mobile is-vertically-aligned-center is-image-fill has-base-color has-text-color has-link-color wp-elements-d3e34529762ebac5ded91ada9a69889c\" style=\"padding-top:var(--wp--preset--spacing--50);padding-bottom:var(--wp--preset--spacing--50);grid-template-columns:auto 53%\"><div class=\"wp-block-media-text__content\">\n<h2 class=\"wp-block-heading has-base-color has-text-color has-link-color wp-elements-af3ee36a01a3d60c4377050e8496cb0a\">Installation d&#039;abris<\/h2>\n\n\n\n<p>Chez Chery Industrial Canada, nous nous sp\u00e9cialisons dans l&#039;installation professionnelle de notre gamme diversifi\u00e9e d&#039;abris de haute qualit\u00e9. Nos techniciens exp\u00e9riment\u00e9s s&#039;assurent que chaque abri est install\u00e9 de mani\u00e8re s\u00e9curitaire, conform\u00e9ment aux normes de l&#039;industrie et aux exigences sp\u00e9cifiques du site. Avec un engagement envers la pr\u00e9cision et la s\u00e9curit\u00e9, nous g\u00e9rons chaque \u00e9tape du processus, de l&#039;\u00e9valuation initiale du site \u00e0 la visite finale, garantissant que votre abri est pr\u00eat \u00e0 \u00eatre utilis\u00e9, quelle que soit sa taille ou sa structure.<\/p>\n\n\n\n<div class=\"wp-block-buttons is-layout-flex wp-block-buttons-is-layout-flex\">\n<div class=\"wp-block-button\"><a class=\"wp-block-button__link has-vivid-red-background-color has-background wp-element-button\" href=\"https:\/\/industrial.cherygroup.ca\/fr\/contact\/\">Service d&#039;installation<\/a><\/div>\n<\/div>\n<\/div><figure class=\"wp-block-media-text__media\" style=\"background-image:url(https:\/\/industrial.cherygroup.ca\/wp-content\/uploads\/2024\/10\/P5023P-10-1024x768.jpg);background-position:50% 50%\"><img loading=\"lazy\" decoding=\"async\" width=\"1024\" height=\"768\" src=\"https:\/\/industrial.cherygroup.ca\/wp-content\/uploads\/2024\/10\/P5023P-10-1024x768.jpg\" alt=\"\" class=\"wp-image-4646 size-full\" srcset=\"https:\/\/industrial.cherygroup.ca\/wp-content\/uploads\/2024\/10\/P5023P-10-1024x768.jpg 1024w, https:\/\/industrial.cherygroup.ca\/wp-content\/uploads\/2024\/10\/P5023P-10-300x225.jpg 300w, https:\/\/industrial.cherygroup.ca\/wp-content\/uploads\/2024\/10\/P5023P-10-768x576.jpg 768w, https:\/\/industrial.cherygroup.ca\/wp-content\/uploads\/2024\/10\/P5023P-10-1536x1152.jpg 1536w, https:\/\/industrial.cherygroup.ca\/wp-content\/uploads\/2024\/10\/P5023P-10-2048x1536.jpg 2048w, https:\/\/industrial.cherygroup.ca\/wp-content\/uploads\/2024\/10\/P5023P-10-600x450.jpg 600w\" sizes=\"auto, (max-width: 1024px) 100vw, 1024px\" \/><\/figure><\/div>\n<\/div>\n\n\n\n<div class=\"wp-block-group has-global-padding is-layout-constrained wp-container-core-group-is-layout-2a993b5b wp-block-group-is-layout-constrained\" style=\"padding-top:var(--wp--preset--spacing--50);padding-bottom:var(--wp--preset--spacing--50)\">\n<div class=\"wp-block-media-text is-stacked-on-mobile is-vertically-aligned-center is-image-fill has-heading-color has-text-color has-link-color wp-elements-521eed6ab217ac0a3a2ec78408ab4aad\" style=\"padding-top:var(--wp--preset--spacing--50);padding-bottom:var(--wp--preset--spacing--50);grid-template-columns:45% auto\"><figure class=\"wp-block-media-text__media\" style=\"background-image:url(https:\/\/industrial.cherygroup.ca\/wp-content\/uploads\/2024\/08\/2.png);background-position:50% 50%\"><img loading=\"lazy\" decoding=\"async\" width=\"800\" height=\"600\" src=\"https:\/\/industrial.cherygroup.ca\/wp-content\/uploads\/2024\/08\/2.png\" alt=\"\" class=\"wp-image-4269 size-full\" srcset=\"https:\/\/industrial.cherygroup.ca\/wp-content\/uploads\/2024\/08\/2.png 800w, https:\/\/industrial.cherygroup.ca\/wp-content\/uploads\/2024\/08\/2-300x225.png 300w, https:\/\/industrial.cherygroup.ca\/wp-content\/uploads\/2024\/08\/2-768x576.png 768w, https:\/\/industrial.cherygroup.ca\/wp-content\/uploads\/2024\/08\/2-600x450.png 600w\" sizes=\"auto, (max-width: 800px) 100vw, 800px\" \/><\/figure><div class=\"wp-block-media-text__content\">\n<h2 class=\"wp-block-heading has-heading-color has-text-color has-link-color wp-elements-949ca97105aff04ff53c458a1d5ed891\">Entretien des abris<\/h2>\n\n\n\n<p>Nous proposons des services complets d&#039;entretien d&#039;abris pour maintenir votre abri en parfait \u00e9tat tout au long de l&#039;ann\u00e9e. Nos solutions d&#039;entretien couvrent tout, des inspections de routine et des soins pr\u00e9ventifs aux r\u00e9parations sp\u00e9cifiques pour toute usure ou dommage pouvant survenir au fil du temps. Notre \u00e9quipe qualifi\u00e9e peut r\u00e9soudre un large \u00e9ventail de probl\u00e8mes, des ajustements structurels aux remplacements de tissu, garantissant que votre abri reste un atout fiable dans toutes les conditions.<\/p>\n\n\n\n<div class=\"wp-block-buttons is-layout-flex wp-block-buttons-is-layout-flex\">\n<div class=\"wp-block-button\"><a class=\"wp-block-button__link has-vivid-red-background-color has-background wp-element-button\" href=\"https:\/\/industrial.cherygroup.ca\/fr\/contact\/\">Service d&#039;entretien<\/a><\/div>\n<\/div>\n<\/div><\/div>\n<\/div>\n\n\n\n<div class=\"wp-block-group alignfull has-base-color has-body-text-background-color has-text-color has-background has-link-color wp-elements-5395b99f8b4284055e8894774313a896 has-global-padding is-layout-constrained wp-container-core-group-is-layout-17d25022 wp-block-group-is-layout-constrained\" style=\"margin-top:var(--wp--preset--spacing--50);margin-bottom:var(--wp--preset--spacing--50)\">\n<div class=\"wp-block-media-text has-media-on-the-right is-stacked-on-mobile is-vertically-aligned-center is-image-fill has-base-color has-text-color has-link-color wp-elements-050c0393cfcad05caa52888040766c8d\" style=\"padding-top:var(--wp--preset--spacing--50);padding-bottom:var(--wp--preset--spacing--50);grid-template-columns:auto 53%\"><div class=\"wp-block-media-text__content\">\n<h2 class=\"wp-block-heading has-base-color has-text-color has-link-color wp-elements-a5db4017317654eff373819d5d98d2a7\">Exp\u00e9dition<\/h2>\n\n\n\n<p>La fiabilit\u00e9 de l&#039;exp\u00e9dition est une priorit\u00e9 absolue chez Chery Industrial Canada. Nos abris sont transport\u00e9s avec soin, ce qui garantit que chaque composant arrive en parfait \u00e9tat et \u00e0 temps. Nous travaillons avec des transporteurs de confiance pour g\u00e9rer toute la logistique, que vous soyez situ\u00e9 dans une r\u00e9gion \u00e9loign\u00e9e ou dans un centre urbain anim\u00e9. Notre \u00e9quipe g\u00e8re chaque d\u00e9tail, y compris l&#039;emballage, le chargement et le d\u00e9chargement, pour s&#039;assurer que votre abri arrive \u00e0 votre emplacement comme pr\u00e9vu et pr\u00eat \u00e0 \u00eatre install\u00e9.<br><br>Plus d\u2019informations seront bient\u00f4t disponibles\u2026<\/p>\n<\/div><figure class=\"wp-block-media-text__media\" style=\"background-image:url(https:\/\/industrial.cherygroup.ca\/wp-content\/uploads\/2024\/10\/Image_20240717121606-1024x768.jpg);background-position:50% 50%\"><img loading=\"lazy\" decoding=\"async\" width=\"1024\" height=\"768\" src=\"https:\/\/industrial.cherygroup.ca\/wp-content\/uploads\/2024\/10\/Image_20240717121606-1024x768.jpg\" alt=\"\" class=\"wp-image-4766 size-full\" srcset=\"https:\/\/industrial.cherygroup.ca\/wp-content\/uploads\/2024\/10\/Image_20240717121606-1024x768.jpg 1024w, https:\/\/industrial.cherygroup.ca\/wp-content\/uploads\/2024\/10\/Image_20240717121606-300x225.jpg 300w, https:\/\/industrial.cherygroup.ca\/wp-content\/uploads\/2024\/10\/Image_20240717121606-768x576.jpg 768w, https:\/\/industrial.cherygroup.ca\/wp-content\/uploads\/2024\/10\/Image_20240717121606-1536x1152.jpg 1536w, https:\/\/industrial.cherygroup.ca\/wp-content\/uploads\/2024\/10\/Image_20240717121606-600x450.jpg 600w, https:\/\/industrial.cherygroup.ca\/wp-content\/uploads\/2024\/10\/Image_20240717121606.jpg 1702w\" sizes=\"auto, (max-width: 1024px) 100vw, 1024px\" \/><\/figure><\/div>\n<\/div>\n\n\n\n<div class=\"wp-block-columns alignfull has-section-bg-background-color has-background is-layout-flex wp-container-core-columns-is-layout-28f84493 wp-block-columns-is-layout-flex\">\n<div class=\"wp-block-column is-layout-flow wp-block-column-is-layout-flow\" style=\"padding-top:var(--wp--preset--spacing--50);padding-bottom:var(--wp--preset--spacing--50)\">\n<h2 class=\"wp-block-heading has-text-align-center\">Remplacement d&#039;abris<\/h2>\n\n\n\n<p class=\"has-small-font-size\" style=\"line-height:1.6\">Dans les cas o\u00f9 les abris ont atteint la fin de leur dur\u00e9e de vie ou ont subi des dommages importants, nous proposons des services de remplacement pour assurer une protection continue. Nos options de remplacement comprennent une consultation pour \u00e9valuer vos besoins et des recommandations pour des mod\u00e8les ou des mises \u00e0 niveau appropri\u00e9s si vous le souhaitez. Nous g\u00e9rons l&#039;ensemble du processus de remplacement de mani\u00e8re efficace, en minimisant les temps d&#039;arr\u00eat et en assurant une transition en douceur vers un nouvel abri enti\u00e8rement fonctionnel.<\/p>\n\n\n\n<div class=\"wp-block-columns alignwide is-not-stacked-on-mobile shelter-cards is-layout-flex wp-container-core-columns-is-layout-3afaa746 wp-block-columns-is-layout-flex\" style=\"margin-bottom:var(--wp--preset--spacing--70)\">\n<div class=\"wp-block-column unit-card is-layout-flow wp-block-column-is-layout-flow\">\n<div class=\"wp-block-cover\"><span aria-hidden=\"true\" class=\"wp-block-cover__background has-base-background-color has-background-dim-80 has-background-dim\"><\/span><img loading=\"lazy\" decoding=\"async\" width=\"628\" height=\"628\" class=\"wp-block-cover__image-background wp-image-290\" alt=\"\" src=\"https:\/\/industrial.cherygroup.ca\/wp-content\/uploads\/2024\/08\/628_628.jpg\" data-object-fit=\"cover\" srcset=\"https:\/\/industrial.cherygroup.ca\/wp-content\/uploads\/2024\/08\/628_628.jpg 628w, https:\/\/industrial.cherygroup.ca\/wp-content\/uploads\/2024\/08\/628_628-300x300.jpg 300w, https:\/\/industrial.cherygroup.ca\/wp-content\/uploads\/2024\/08\/628_628-150x150.jpg 150w, https:\/\/industrial.cherygroup.ca\/wp-content\/uploads\/2024\/08\/628_628-600x600.jpg 600w, https:\/\/industrial.cherygroup.ca\/wp-content\/uploads\/2024\/08\/628_628-100x100.jpg 100w\" sizes=\"auto, (max-width: 628px) 100vw, 628px\" \/><div class=\"wp-block-cover__inner-container is-layout-flow wp-block-cover-is-layout-flow\">\n<p class=\"has-text-align-center has-large-font-size\"><strong>Contactez-nous<\/strong><\/p>\n<\/div><\/div>\n<\/div>\n\n\n\n<div class=\"wp-block-column unit-card is-layout-flow wp-block-column-is-layout-flow\">\n<div class=\"wp-block-cover\"><span aria-hidden=\"true\" class=\"wp-block-cover__background has-base-background-color has-background-dim-80 has-background-dim\"><\/span><img loading=\"lazy\" decoding=\"async\" width=\"2560\" height=\"1707\" class=\"wp-block-cover__image-background wp-image-4209\" alt=\"\" src=\"https:\/\/industrial.cherygroup.ca\/wp-content\/uploads\/2024\/08\/\u7167\u7247-018-scaled.jpg\" data-object-fit=\"cover\" srcset=\"https:\/\/industrial.cherygroup.ca\/wp-content\/uploads\/2024\/08\/\u7167\u7247-018-scaled.jpg 2560w, https:\/\/industrial.cherygroup.ca\/wp-content\/uploads\/2024\/08\/\u7167\u7247-018-300x200.jpg 300w, https:\/\/industrial.cherygroup.ca\/wp-content\/uploads\/2024\/08\/\u7167\u7247-018-1024x683.jpg 1024w, https:\/\/industrial.cherygroup.ca\/wp-content\/uploads\/2024\/08\/\u7167\u7247-018-768x512.jpg 768w, https:\/\/industrial.cherygroup.ca\/wp-content\/uploads\/2024\/08\/\u7167\u7247-018-1536x1024.jpg 1536w, https:\/\/industrial.cherygroup.ca\/wp-content\/uploads\/2024\/08\/\u7167\u7247-018-2048x1365.jpg 2048w, https:\/\/industrial.cherygroup.ca\/wp-content\/uploads\/2024\/08\/\u7167\u7247-018-600x400.jpg 600w\" sizes=\"auto, (max-width: 2560px) 100vw, 2560px\" \/><div class=\"wp-block-cover__inner-container is-layout-flow wp-block-cover-is-layout-flow\">\n<p class=\"has-text-align-center has-large-font-size\"><strong>V\u00e9rifier la pi\u00e8ce endommag\u00e9e<\/strong><\/p>\n<\/div><\/div>\n<\/div>\n\n\n\n<div class=\"wp-block-column unit-card is-layout-flow wp-block-column-is-layout-flow\">\n<div class=\"wp-block-cover\"><span aria-hidden=\"true\" class=\"wp-block-cover__background has-base-background-color has-background-dim-80 has-background-dim\"><\/span><img loading=\"lazy\" decoding=\"async\" width=\"1600\" height=\"624\" class=\"wp-block-cover__image-background wp-image-4642\" alt=\"\" src=\"https:\/\/industrial.cherygroup.ca\/wp-content\/uploads\/2024\/10\/20230918_193927269_iOS.jpg\" data-object-fit=\"cover\" srcset=\"https:\/\/industrial.cherygroup.ca\/wp-content\/uploads\/2024\/10\/20230918_193927269_iOS.jpg 1600w, https:\/\/industrial.cherygroup.ca\/wp-content\/uploads\/2024\/10\/20230918_193927269_iOS-300x117.jpg 300w, https:\/\/industrial.cherygroup.ca\/wp-content\/uploads\/2024\/10\/20230918_193927269_iOS-1024x399.jpg 1024w, https:\/\/industrial.cherygroup.ca\/wp-content\/uploads\/2024\/10\/20230918_193927269_iOS-768x300.jpg 768w, https:\/\/industrial.cherygroup.ca\/wp-content\/uploads\/2024\/10\/20230918_193927269_iOS-1536x599.jpg 1536w, https:\/\/industrial.cherygroup.ca\/wp-content\/uploads\/2024\/10\/20230918_193927269_iOS-600x234.jpg 600w\" sizes=\"auto, (max-width: 1600px) 100vw, 1600px\" \/><div class=\"wp-block-cover__inner-container is-layout-flow wp-block-cover-is-layout-flow\">\n<p class=\"has-text-align-center has-large-font-size\"><strong>Remplacer l&#039;abri<\/strong><\/p>\n<\/div><\/div>\n<\/div>\n<\/div>\n<\/div>\n<\/div>\n<\/div>","protected":false},"excerpt":{"rendered":"<p>Shelter Permit Application Assistance Many municipalities require permits for shelter installations, and navigating the permit process can be complex. We offer a professional permit application assistance service, guiding you through each step to make it as straightforward as possible. Our team will help you gather necessary documentation, complete forms accurately, and manage submissions to local [&hellip;]<\/p>\n","protected":false},"author":1,"featured_media":0,"parent":0,"menu_order":0,"comment_status":"closed","ping_status":"closed","template":"","meta":{"footnotes":""},"class_list":["post-4742","page","type-page","status-publish","hentry"],"_links":{"self":[{"href":"https:\/\/industrial.cherygroup.ca\/fr\/wp-json\/wp\/v2\/pages\/4742","targetHints":{"allow":["GET"]}}],"collection":[{"href":"https:\/\/industrial.cherygroup.ca\/fr\/wp-json\/wp\/v2\/pages"}],"about":[{"href":"https:\/\/industrial.cherygroup.ca\/fr\/wp-json\/wp\/v2\/types\/page"}],"author":[{"embeddable":true,"href":"https:\/\/industrial.cherygroup.ca\/fr\/wp-json\/wp\/v2\/users\/1"}],"replies":[{"embeddable":true,"href":"https:\/\/industrial.cherygroup.ca\/fr\/wp-json\/wp\/v2\/comments?post=4742"}],"version-history":[{"count":14,"href":"https:\/\/industrial.cherygroup.ca\/fr\/wp-json\/wp\/v2\/pages\/4742\/revisions"}],"predecessor-version":[{"id":4864,"href":"https:\/\/industrial.cherygroup.ca\/fr\/wp-json\/wp\/v2\/pages\/4742\/revisions\/4864"}],"wp:attachment":[{"href":"https:\/\/industrial.cherygroup.ca\/fr\/wp-json\/wp\/v2\/media?parent=4742"}],"curies":[{"name":"wp","href":"https:\/\/api.w.org\/{rel}","templated":true}]}}